{"id":12244,"date":"2020-06-03T23:05:25","date_gmt":"2020-06-03T22:05:25","guid":{"rendered":"https:\/\/www.hotelwindsornice.com\/?page_id=12244"},"modified":"2026-03-24T09:10:52","modified_gmt":"2026-03-24T08:10:52","slug":"art","status":"publish","type":"page","link":"https:\/\/www.hotelwindsornice.com\/en\/art\/","title":{"rendered":"Art"},"content":{"rendered":"<section id=\"page-menu-block_0036673fc5b9a7caa8277cf4bf5195a6\" class=\"row px-0 pb-90 \">\n\t<div class=\"col-md-12 px-36 pb-25\" id=\"\"><div class=\"afg-line-before\"><\/div><\/div> \n\t<div class=\"col-lg-6 px-0 pb-30 afg-text-wrapper\">\n\t\t\t\t\t<h1 class=\"px-36 title-font-50 pb-30 pt-12 lh-60 mb-0\">\n\t\t\t\t<span class=\"afg-pacman-after\"><span class=\"afg-growing-text\">Art<\/span><svg version=\"1.1\" xmlns=\"http:\/\/www.w3.org\/2000\/svg\" xmlns:xlink=\"http:\/\/www.w3.org\/1999\/xlink\" x=\"0px\" y=\"0px\"\n\t viewBox=\"0 0 24 22\" xml:space=\"preserve\"><g><defs><rect id=\"SVGID_1_\" x=\"0.6\" y=\"0.1\" width=\"23.4\" height=\"21.5\"\/><\/defs><clipPath id=\"SVGID_2_\"><use xlink:href=\"#SVGID_1_\"  style=\"overflow:visible;\"\/><\/clipPath><path style=\"clip-path:url(#SVGID_2_);\" d=\"M12.3,0.1c-6.5,0-11.7,5-11.7,11.1C0.6,16,3.7,20,8,21.7v-7.8h8.5v7.8\n\t\tC20.9,20,24,16,24,11.3C24,5.1,18.8,0.1,12.3,0.1\"\/><\/g><\/svg><\/span>\n\t\t\t<\/h1>\n\t\t\t\t\t\t\t\t\t<ul class=\"title-font-30 px-36 lh-36\">\n\t\t\t\t\t\t\t\t\t<li><a href=\"#Book\" title=\"The Book of the Windsor\" class=\"afg-scroll-to-anchor\"><svg xmlns=\"http:\/\/www.w3.org\/2000\/svg\" viewBox=\"0 0 9.645 6.236\"><path style=\"fill:none;stroke-width:2px;\" fill=\"none\" d=\"M-22507.932,9767.93l4.111-4.115,4.119,4.115\" transform=\"translate(-22498.994 9768.637) rotate(180)\"\/><\/svg>The Book of the Windsor<\/a><\/li>\n\t\t\t\t\t\t\t\t\t<li><a href=\"#Interviews\" title=\"Interviews with artists of the Windsor\" class=\"afg-scroll-to-anchor\"><svg xmlns=\"http:\/\/www.w3.org\/2000\/svg\" viewBox=\"0 0 9.645 6.236\"><path style=\"fill:none;stroke-width:2px;\" fill=\"none\" d=\"M-22507.932,9767.93l4.111-4.115,4.119,4.115\" transform=\"translate(-22498.994 9768.637) rotate(180)\"\/><\/svg>Interviews with artists of the Windsor<\/a><\/li>\n\t\t\t\t\t\t\t\t\t<li><a href=\"#Art\" title=\"Permanent art\" class=\"afg-scroll-to-anchor\"><svg xmlns=\"http:\/\/www.w3.org\/2000\/svg\" viewBox=\"0 0 9.645 6.236\"><path style=\"fill:none;stroke-width:2px;\" fill=\"none\" d=\"M-22507.932,9767.93l4.111-4.115,4.119,4.115\" transform=\"translate(-22498.994 9768.637) rotate(180)\"\/><\/svg>Permanent art<\/a><\/li>\n\t\t\t\t\t\t\t\t\t<li><a href=\"#Artexhibitions\" title=\"Art Exhibitions\" class=\"afg-scroll-to-anchor\"><svg xmlns=\"http:\/\/www.w3.org\/2000\/svg\" viewBox=\"0 0 9.645 6.236\"><path style=\"fill:none;stroke-width:2px;\" fill=\"none\" d=\"M-22507.932,9767.93l4.111-4.115,4.119,4.115\" transform=\"translate(-22498.994 9768.637) rotate(180)\"\/><\/svg>Art Exhibitions<\/a><\/li>\n\t\t\t\t\t\t\t\t\t<li><a href=\"#Artists\" title=\"Artists of Hotel Windsor\" class=\"afg-scroll-to-anchor\"><svg xmlns=\"http:\/\/www.w3.org\/2000\/svg\" viewBox=\"0 0 9.645 6.236\"><path style=\"fill:none;stroke-width:2px;\" fill=\"none\" d=\"M-22507.932,9767.93l4.111-4.115,4.119,4.115\" transform=\"translate(-22498.994 9768.637) rotate(180)\"\/><\/svg>Artists of Hotel Windsor<\/a><\/li>\n\t\t\t\t\t\t\t<\/ul>\n\t\t\t\t<div class=\"variable-pacman px-36\">\n\t\t\t\n\t\t<\/div>\n\t<\/div>\n\t<div class=\"col-lg-6 pl-4 pr-0\">\n\t\t\t<\/div>\n\n\t\t<div class=\"col-lg-12 afg-flex px-0 mt-4 afg-flex-wrap\">\n\t\t\t\t\t\t<\/div>\n\n\t<style type=\"text\/css\">\n\t\t#page-menu-block_0036673fc5b9a7caa8277cf4bf5195a6 .afg-line-before {\n\t\t\tbackground-color:#ffd1fe;\n\t\t}\n\n\t\t#page-menu-block_0036673fc5b9a7caa8277cf4bf5195a6 .afg-pacman-after svg path {\n\t\t\tfill:#ffd1fe;\n\t\t}\n\t<\/style>\n<\/section>\n\n<section id=\"art-block-block_0a4b68b1fbf3e42a701cae756af84903\" class=\"row px-0 pb-90 \"> \n\t<div class=\"afg-row-reverse px-0 col-lg-12\" id=\"Book\">\n\t\t<div class=\"col-xl-10 col-lg-12 px-36 pb-30 afg-slide-after\" id=\"Book\">\n\t\t\t\t\t\t\t<h2 class=\"title-font-30 lh-31 mb-0 pacman-before afg-flex afg-align-center pb-10\">\n\t\t\t\t\t<span class=\"afg-space-nowrap\"><svg version=\"1.1\" xmlns=\"http:\/\/www.w3.org\/2000\/svg\" xmlns:xlink=\"http:\/\/www.w3.org\/1999\/xlink\" x=\"0px\" y=\"0px\"\n\t viewBox=\"0 0 24 22\" xml:space=\"preserve\"><g><defs><rect id=\"SVGID_1_\" x=\"0.6\" y=\"0.1\" width=\"23.4\" height=\"21.5\"\/><\/defs><clipPath id=\"SVGID_2_\"><use xlink:href=\"#SVGID_1_\"  style=\"overflow:visible;\"\/><\/clipPath><path style=\"clip-path:url(#SVGID_2_);\" d=\"M12.3,0.1c-6.5,0-11.7,5-11.7,11.1C0.6,16,3.7,20,8,21.7v-7.8h8.5v7.8\n\t\tC20.9,20,24,16,24,11.3C24,5.1,18.8,0.1,12.3,0.1\"\/><\/g><\/svg>The Book of Windsor<\/span>\n\t\t\t\t<\/h2>\n\t\t\t\t\t\t\t\t\t\t<p class=\"content-font-30 afg-italic lh-31 mb-0 pb-10\">The art history of the Hotel<\/p>\n\t\t\t\t\t\t\t\t\t\t\t\t\t<div class=\"pt-10 content-font-18 lh-21 pt-20 mb-0\"><p><a href=\"https:\/\/www.hotelwindsornice.com\/wp-content\/uploads\/2021\/05\/LIVRE_WINDSOR.pdf\">LIVRE_WINDSOR<\/a><\/p>\n<\/div>\n\t\t\t\t\t<\/div>\n\t\t<div class=\"col-lg-2\"><\/div>\n\t\t\t<\/div>\n\t<div class=\"col-lg-12 afg-flex px-0 mt-4 afg-flex-wrap pb-90 afg-modal-toggle\">\n\t\t\t<\/div>\n\t<style type=\"text\/css\">\n\t\t#art-block-block_0a4b68b1fbf3e42a701cae756af84903 .pacman-before {\n\t\t\tfill:#8224e3;\n\t\t}\n\t<\/style>\n<\/section>\n\n\n<div data-wp-interactive=\"core\/file\" class=\"wp-block-file\"><object data-wp-bind--hidden=\"!state.hasPdfPreview\" hidden class=\"wp-block-file__embed\" data=\"https:\/\/www.hotelwindsornice.com\/wp-content\/uploads\/2021\/05\/LIVRE_WINDSOR.pdf\" type=\"application\/pdf\" style=\"width:100%;height:740px\" aria-label=\"Embed of LIVRE_WINDSOR.\"><\/object><a id=\"wp-block-file--media-f2e7c402-b9f9-4baa-a173-98f00a72f8d2\" href=\"https:\/\/www.hotelwindsornice.com\/wp-content\/uploads\/2021\/05\/LIVRE_WINDSOR.pdf\">LIVRE_WINDSOR<\/a><a href=\"https:\/\/www.hotelwindsornice.com\/wp-content\/uploads\/2021\/05\/LIVRE_WINDSOR.pdf\" class=\"wp-block-file__button wp-element-button\" download aria-describedby=\"wp-block-file--media-f2e7c402-b9f9-4baa-a173-98f00a72f8d2\">T\u00e9l\u00e9charger<\/a><\/div>\n\n\n<section id=\"featured-service-block_36c7c5ad1c4d5b403a69ad06e80f1aa8\" class=\"row px-0 pt-30 pb-110\">\n\t<span id=\"Artexhibitions\"><\/span> \n\t\t\t<h2 class=\"col-lg-9 px-36 title-font-30 pb-25 mb-0 mt-0 lh-30\">\n\t\t\t\t\t\t<a href=\"https:\/\/www.hotelwindsornice.com\/en\/art-exhibitions\/\" title=\"Art Exhibitions\" class=\"afg-color-black\">\n\t\t\t\t\t\t\t<span class=\"afg-pacman-hard\"><span class=\"afg-growing-text\">Art Exhibitions<\/span><svg version=\"1.1\" xmlns=\"http:\/\/www.w3.org\/2000\/svg\" xmlns:xlink=\"http:\/\/www.w3.org\/1999\/xlink\" x=\"0px\" y=\"0px\"\n\t viewBox=\"0 0 24 22\" xml:space=\"preserve\"><g><defs><rect id=\"SVGID_1_\" x=\"0.6\" y=\"0.1\" width=\"23.4\" height=\"21.5\"\/><\/defs><clipPath id=\"SVGID_2_\"><use xlink:href=\"#SVGID_1_\"  style=\"overflow:visible;\"\/><\/clipPath><path style=\"clip-path:url(#SVGID_2_);\" d=\"M12.3,0.1c-6.5,0-11.7,5-11.7,11.1C0.6,16,3.7,20,8,21.7v-7.8h8.5v7.8\n\t\tC20.9,20,24,16,24,11.3C24,5.1,18.8,0.1,12.3,0.1\"\/><\/g><\/svg><\/span>\n\t\t\t\t\t\t<\/a>\n\t\t\t\t\t<\/h2>\n\t\t\t\t<div class=\"col-lg-3 mb-0 pb-25 title-font-30 lh-36 afg-readmore afg-text-right px-36 lh-30 afg-hide-on-mobile\">\n\t\t\t+ more\t\t<\/div>\n\t\t\t\t<div class=\"col-8 px-0 mb-0 afg-service-image\">\n\t\t\t<img decoding=\"async\" src=\"https:\/\/www.hotelwindsornice.com\/wp-content\/uploads\/2020\/06\/IMG_2894-1024x768.jpg\" alt=\"\" \/>\t\t<\/div>\n\t\t\t\t<div class=\"col-4 px-0 mb-0 afg-service-image\">\n\t\t\t<img decoding=\"async\" src=\"https:\/\/www.hotelwindsornice.com\/wp-content\/uploads\/2020\/06\/Expo-Hall-Noel-Dolla006-683x1024.jpg\" alt=\"\" \/>\t\t<\/div>\n\t\t<style type=\"text\/css\">\n\t\t#featured-service-block_36c7c5ad1c4d5b403a69ad06e80f1aa8 .afg-pacman-hard:before {\n\t\t\tbackground-color:#c46bba;\n\t\t}\n\t\t#featured-service-block_36c7c5ad1c4d5b403a69ad06e80f1aa8 svg path {\n\t\t\tfill:#c46bba;\n\t\t}\n\n\t\t#featured-service-block_36c7c5ad1c4d5b403a69ad06e80f1aa8 .afg-readmore {\n\t\t\tcolor:#c46bba;\n\t\t}\n\n\t\t#featured-service-block_36c7c5ad1c4d5b403a69ad06e80f1aa8 .col-8 img {\n\t\t\tobject-position:left center;\n\t\t} \n\t\t#featured-service-block_36c7c5ad1c4d5b403a69ad06e80f1aa8 .col-4 img {\n\t\t\tobject-position:left center;\n\t\t} \n\t<\/style>\n<\/section>\n\n<section id=\"featured-service-block_cccec80917bce9d0390ea2ab3223684e\" class=\"row px-0 pt-30 pb-110\">\n\t<span id=\"Interviews\"><\/span> \n\t\t\t<h2 class=\"col-lg-9 px-36 title-font-30 pb-25 mb-0 mt-0 lh-30\">\n\t\t\t\t\t\t<a href=\"https:\/\/www.hotelwindsornice.com\/interviews-des-artistes-du-windsor\/\" title=\"Interviews des Artistes du Windsor\" class=\"afg-color-black\">\n\t\t\t\t\t\t\t<span class=\"afg-pacman-hard\"><span class=\"afg-growing-text\">Interviews with artists of the Windsor<\/span><svg version=\"1.1\" xmlns=\"http:\/\/www.w3.org\/2000\/svg\" xmlns:xlink=\"http:\/\/www.w3.org\/1999\/xlink\" x=\"0px\" y=\"0px\"\n\t viewBox=\"0 0 24 22\" xml:space=\"preserve\"><g><defs><rect id=\"SVGID_1_\" x=\"0.6\" y=\"0.1\" width=\"23.4\" height=\"21.5\"\/><\/defs><clipPath id=\"SVGID_2_\"><use xlink:href=\"#SVGID_1_\"  style=\"overflow:visible;\"\/><\/clipPath><path style=\"clip-path:url(#SVGID_2_);\" d=\"M12.3,0.1c-6.5,0-11.7,5-11.7,11.1C0.6,16,3.7,20,8,21.7v-7.8h8.5v7.8\n\t\tC20.9,20,24,16,24,11.3C24,5.1,18.8,0.1,12.3,0.1\"\/><\/g><\/svg><\/span>\n\t\t\t\t\t\t<\/a>\n\t\t\t\t\t<\/h2>\n\t\t\t\t<div class=\"col-lg-3 mb-0 pb-25 title-font-30 lh-36 afg-readmore afg-text-right px-36 lh-30 afg-hide-on-mobile\">\n\t\t\t+ more\t\t<\/div>\n\t\t\t\t<div class=\"col-8 px-0 mb-0 afg-service-image\">\n\t\t\t<img decoding=\"async\" src=\"https:\/\/www.hotelwindsornice.com\/wp-content\/uploads\/2025\/08\/Interview-Haicha-Hamu.png\" alt=\"\" \/>\t\t<\/div>\n\t\t\t\t<div class=\"col-4 px-0 mb-0 afg-service-image\">\n\t\t\t<img decoding=\"async\" src=\"https:\/\/www.hotelwindsornice.com\/wp-content\/uploads\/2025\/08\/Interview-Jean-Mas.png\" alt=\"\" \/>\t\t<\/div>\n\t\t<style type=\"text\/css\">\n\t\t#featured-service-block_cccec80917bce9d0390ea2ab3223684e .afg-pacman-hard:before {\n\t\t\tbackground-color:#c92e93;\n\t\t}\n\t\t#featured-service-block_cccec80917bce9d0390ea2ab3223684e svg path {\n\t\t\tfill:#c92e93;\n\t\t}\n\n\t\t#featured-service-block_cccec80917bce9d0390ea2ab3223684e .afg-readmore {\n\t\t\tcolor:#c92e93;\n\t\t}\n\n\t\t#featured-service-block_cccec80917bce9d0390ea2ab3223684e .col-8 img {\n\t\t\tobject-position:left center;\n\t\t} \n\t\t#featured-service-block_cccec80917bce9d0390ea2ab3223684e .col-4 img {\n\t\t\tobject-position:left top;\n\t\t} \n\t<\/style>\n<\/section>\n\n<section id=\"featured-service-block_08bac48e658fd08df25df86721459746\" class=\"row px-0 pt-30 pb-110\">\n\t<span id=\"Art\"><\/span> \n\t\t\t<h2 class=\"col-lg-9 px-36 title-font-30 pb-25 mb-0 mt-0 lh-30\">\n\t\t\t\t\t\t<a href=\"https:\/\/www.hotelwindsornice.com\/en\/permanent-collection\/\" title=\"Permanent Collection\" class=\"afg-color-black\">\n\t\t\t\t\t\t\t<span class=\"afg-pacman-hard\"><span class=\"afg-growing-text\">Permanent Art<\/span><svg version=\"1.1\" xmlns=\"http:\/\/www.w3.org\/2000\/svg\" xmlns:xlink=\"http:\/\/www.w3.org\/1999\/xlink\" x=\"0px\" y=\"0px\"\n\t viewBox=\"0 0 24 22\" xml:space=\"preserve\"><g><defs><rect id=\"SVGID_1_\" x=\"0.6\" y=\"0.1\" width=\"23.4\" height=\"21.5\"\/><\/defs><clipPath id=\"SVGID_2_\"><use xlink:href=\"#SVGID_1_\"  style=\"overflow:visible;\"\/><\/clipPath><path style=\"clip-path:url(#SVGID_2_);\" d=\"M12.3,0.1c-6.5,0-11.7,5-11.7,11.1C0.6,16,3.7,20,8,21.7v-7.8h8.5v7.8\n\t\tC20.9,20,24,16,24,11.3C24,5.1,18.8,0.1,12.3,0.1\"\/><\/g><\/svg><\/span>\n\t\t\t\t\t\t<\/a>\n\t\t\t\t\t<\/h2>\n\t\t\t\t<div class=\"col-lg-3 mb-0 pb-25 title-font-30 lh-36 afg-readmore afg-text-right px-36 lh-30 afg-hide-on-mobile\">\n\t\t\t+ more\t\t<\/div>\n\t\t\t\t<div class=\"col-8 px-0 mb-0 afg-service-image\">\n\t\t\t<img decoding=\"async\" src=\"https:\/\/www.hotelwindsornice.com\/wp-content\/uploads\/2014\/01\/ascenseur_md_1.jpg\" alt=\"\" \/>\t\t<\/div>\n\t\t\t\t<div class=\"col-4 px-0 mb-0 afg-service-image\">\n\t\t\t<img decoding=\"async\" src=\"https:\/\/www.hotelwindsornice.com\/wp-content\/uploads\/2014\/02\/bataillard-braille2.jpg\" alt=\"\" \/>\t\t<\/div>\n\t\t<style type=\"text\/css\">\n\t\t#featured-service-block_08bac48e658fd08df25df86721459746 .afg-pacman-hard:before {\n\t\t\tbackground-color:#ac51bc;\n\t\t}\n\t\t#featured-service-block_08bac48e658fd08df25df86721459746 svg path {\n\t\t\tfill:#ac51bc;\n\t\t}\n\n\t\t#featured-service-block_08bac48e658fd08df25df86721459746 .afg-readmore {\n\t\t\tcolor:#ac51bc;\n\t\t}\n\n\t\t#featured-service-block_08bac48e658fd08df25df86721459746 .col-8 img {\n\t\t\tobject-position:left center;\n\t\t} \n\t\t#featured-service-block_08bac48e658fd08df25df86721459746 .col-4 img {\n\t\t\tobject-position:left top;\n\t\t} \n\t<\/style>\n<\/section>\n\n<section id=\"title-block_0f55f235da451164851fb7b2e740d48d\" class=\"row px-36 pt-30 pb-25\"> \n\t\t\t<h2 class=\"col-lg-9 title-font-30 mb-0 mt-0 lh-30 px-0\" id=\"Artists\">\n\t\t\t\t\t\t\t<span class=\"afg-pacman-hard\">The artists of Hotel Windsor<svg version=\"1.1\" xmlns=\"http:\/\/www.w3.org\/2000\/svg\" xmlns:xlink=\"http:\/\/www.w3.org\/1999\/xlink\" x=\"0px\" y=\"0px\"\n\t viewBox=\"0 0 24 22\" xml:space=\"preserve\"><g><defs><rect id=\"SVGID_1_\" x=\"0.6\" y=\"0.1\" width=\"23.4\" height=\"21.5\"\/><\/defs><clipPath id=\"SVGID_2_\"><use xlink:href=\"#SVGID_1_\"  style=\"overflow:visible;\"\/><\/clipPath><path style=\"clip-path:url(#SVGID_2_);\" d=\"M12.3,0.1c-6.5,0-11.7,5-11.7,11.1C0.6,16,3.7,20,8,21.7v-7.8h8.5v7.8\n\t\tC20.9,20,24,16,24,11.3C24,5.1,18.8,0.1,12.3,0.1\"\/><\/g><\/svg><\/span>\n\t\t\t\t\t<\/h2>\n\t\t\t<style type=\"text\/css\">\n\t\t#title-block_0f55f235da451164851fb7b2e740d48d .afg-pacman-hard:before {\n\t\t\tbackground-color:#9600c4;\n\t\t}\n\t\t#title-block_0f55f235da451164851fb7b2e740d48d svg path {\n\t\t\tfill:#9600c4;\n\t\t}\n\n\t\t#title-block_0f55f235da451164851fb7b2e740d48d .afg-readmore {\n\t\t\tcolor:#9600c4;\n\t\t}\n\t<\/style>\n<\/section>\n\n\n<div class=\"wp-block-columns is-layout-flex wp-container-core-columns-is-layout-9d6595d7 wp-block-columns-is-layout-flex\">\n<div class=\"wp-block-column is-layout-flow wp-block-column-is-layout-flow\">\n<p><a rel=\"noreferrer noopener\" href=\"http:\/\/fr.wikipedia.org\/wiki\/Robert_Barry\" target=\"_blank\">\u00c0 propos de Robert BARRY<\/a><br><br><a rel=\"noreferrer noopener\" href=\"http:\/\/www.documentsdartistes.org\/artistes\/basserode\/page1.html\" target=\"_blank\">\u00c0 propos de BASSERODE<\/a><br><br><a rel=\"noreferrer noopener\" href=\"http:\/\/www.glenbaxter.com\/\" target=\"_blank\">Site de Glen BAXTER<\/a><br><br><a rel=\"noreferrer noopener\" href=\"http:\/\/www.ben-vautier.com\/\" target=\"_blank\">Site de BEN<\/a><br><br><a rel=\"noreferrer noopener\" href=\"http:\/\/samtabenyahia.com\/\" target=\"_blank\">Site de Samta BENYAHIA<\/a><\/p>\n<\/div>\n\n\n\n<div class=\"wp-block-column is-layout-flow wp-block-column-is-layout-flow\">\n<p><a rel=\"noreferrer noopener\" href=\"http:\/\/www.hervebize.com\/artistes.php?section=4&amp;art=17&amp;selection_expo=44\" target=\"_blank\">\u00c0 propos de Jean-Pierre BERTRAND<\/a><br><br><a rel=\"noreferrer noopener\" href=\"http:\/\/artistesetoeuvres.blogspot.fr\/2011\/06\/jean-pierre-bertrand.html\" target=\"_blank\">Site de Charlemagne PALESTINE<\/a><br><br><a rel=\"noreferrer noopener\" href=\"http:\/\/choijeonghwa.com\/\" target=\"_blank\">Site de CHOI JEONG HWA<\/a><br><br><a rel=\"noreferrer noopener\" href=\"http:\/\/www.documentsdartistes.org\/artistes\/dolla\/page1.html\" target=\"_blank\">\u00c0 propos de No\u00ebl DOLLA<\/a><br><br><a rel=\"noreferrer noopener\" href=\"http:\/\/joelducorroy.free.fr\/\" target=\"_blank\">Site de Jo\u00ebl DUCORROY<\/a><\/p>\n<\/div>\n\n\n\n<div class=\"wp-block-column is-layout-flow wp-block-column-is-layout-flow\">\n<p><a rel=\"noreferrer noopener\" href=\"http:\/\/inquest.us\/peter-fend\/\" target=\"_blank\">\u00c0 propos de Peter FEND<\/a><br><br><a rel=\"noreferrer noopener\" href=\"http:\/\/www.gotscho.net\/\" target=\"_blank\">Site de GOTSCHO<\/a><br><br><a rel=\"noreferrer noopener\" href=\"http:\/\/fr.wikipedia.org\/wiki\/Raymond_Hains\" target=\"_blank\">\u00c0 propos de Raymond HAINS<\/a><br><br><a rel=\"noreferrer noopener\" href=\"http:\/\/documentsdartistes.org\/artistes\/hamu\/repro.html\" target=\"_blank\">\u00c0 propos de A\u00efcha HAMU<\/a><br><br><a rel=\"noreferrer noopener\" href=\"http:\/\/fr.wikipedia.org\/wiki\/Gottfried_Honegger\" target=\"_blank\">\u00c0 propos de Gottfried HONEGGER<\/a><\/p>\n<\/div>\n<\/div>\n\n\n\n<p><a href=\"http:\/\/www.nicolas-rubinstein.com\/\" target=\"_blank\" rel=\"noopener\">Site de Nicolas Rubinstein<\/a><\/p>\n","protected":false},"excerpt":{"rendered":"<p>\u00c0 propos de Robert BARRY \u00c0 propos de BASSERODE Site de Glen BAXTER Site de BEN Site de Samta BENYAHIA \u00c0 propos de Jean-Pierre BERTRAND Site de Charlemagne PALESTINE Site de CHOI JEONG HWA \u00c0 propos de No\u00ebl DOLLA Site de Jo\u00ebl DUCORROY \u00c0 propos de Peter FEND Site de GOTSCHO \u00c0 propos de Raymond [&hellip;]<\/p>\n","protected":false},"author":3,"featured_media":0,"parent":0,"menu_order":0,"comment_status":"closed","ping_status":"closed","template":"","meta":{"_acf_changed":false,"footnotes":""},"class_list":["post-12244","page","type-page","status-publish","hentry"],"acf":[],"_links":{"self":[{"href":"https:\/\/www.hotelwindsornice.com\/en\/wp-json\/wp\/v2\/pages\/12244","targetHints":{"allow":["GET"]}}],"collection":[{"href":"https:\/\/www.hotelwindsornice.com\/en\/wp-json\/wp\/v2\/pages"}],"about":[{"href":"https:\/\/www.hotelwindsornice.com\/en\/wp-json\/wp\/v2\/types\/page"}],"author":[{"embeddable":true,"href":"https:\/\/www.hotelwindsornice.com\/en\/wp-json\/wp\/v2\/users\/3"}],"replies":[{"embeddable":true,"href":"https:\/\/www.hotelwindsornice.com\/en\/wp-json\/wp\/v2\/comments?post=12244"}],"version-history":[{"count":13,"href":"https:\/\/www.hotelwindsornice.com\/en\/wp-json\/wp\/v2\/pages\/12244\/revisions"}],"predecessor-version":[{"id":19219,"href":"https:\/\/www.hotelwindsornice.com\/en\/wp-json\/wp\/v2\/pages\/12244\/revisions\/19219"}],"wp:attachment":[{"href":"https:\/\/www.hotelwindsornice.com\/en\/wp-json\/wp\/v2\/media?parent=12244"}],"curies":[{"name":"wp","href":"https:\/\/api.w.org\/{rel}","templated":true}]}}